{"id":6309,"date":"2023-07-01T06:56:21","date_gmt":"2023-07-01T06:56:21","guid":{"rendered":"https:\/\/medicoz.themechampion.com\/lst\/?page_id=6309"},"modified":"2024-04-12T17:18:48","modified_gmt":"2024-04-12T17:18:48","slug":"feedbacks","status":"publish","type":"page","link":"https:\/\/uclearsmile.com\/es\/feedbacks\/","title":{"rendered":"Testimonios"},"content":{"rendered":"<div data-elementor-type=\"wp-page\" data-elementor-id=\"6309\" class=\"elementor elementor-6309\" data-elementor-post-type=\"page\">\n\t\t\t\t\t\t<section class=\"elementor-section elementor-top-section elementor-element elementor-element-d4e0304 elementor-section-full_width elementor-section-content-middle elementor-section-stretched elementor-section-height-default elementor-section-height-default\" data-id=\"d4e0304\" data-element_type=\"section\" id=\"8\" data-settings=\"{&quot;stretch_section&quot;:&quot;section-stretched&quot;,&quot;background_background&quot;:&quot;classic&quot;}\">\n\t\t\t\t\t\t<div class=\"elementor-container elementor-column-gap-default\">\n\t\t\t\t\t<div class=\"elementor-column elementor-col-100 elementor-top-column elementor-element elementor-element-ae7315f\" data-id=\"ae7315f\" data-element_type=\"column\">\n\t\t\t<div class=\"elementor-widget-wrap elementor-element-populated\">\n\t\t\t\t\t\t<section class=\"elementor-section elementor-inner-section elementor-element elementor-element-8adc8be elementor-section-boxed elementor-section-height-default elementor-section-height-default\" data-id=\"8adc8be\" data-element_type=\"section\">\n\t\t\t\t\t\t<div class=\"elementor-container elementor-column-gap-default\">\n\t\t\t\t\t<div class=\"elementor-column elementor-col-50 elementor-inner-column elementor-element elementor-element-80a7bb4\" data-id=\"80a7bb4\" data-element_type=\"column\">\n\t\t\t<div class=\"elementor-widget-wrap elementor-element-populated\">\n\t\t\t\t\t\t<div class=\"elementor-element elementor-element-b33a2e0 elementor-widget elementor-widget-heading\" data-id=\"b33a2e0\" data-element_type=\"widget\" data-widget_type=\"heading.default\">\n\t\t\t\t<div class=\"elementor-widget-container\">\n\t\t\t\t\t<h2 class=\"elementor-heading-title elementor-size-default\">Valiosas Opiniones de <br>\nNuestros Clientes <br>\nour Clients<\/h2>\t\t\t\t<\/div>\n\t\t\t\t<\/div>\n\t\t\t\t<div class=\"elementor-element elementor-element-80eff9a elementor-widget elementor-widget-text-editor\" data-id=\"80eff9a\" data-element_type=\"widget\" data-widget_type=\"text-editor.default\">\n\t\t\t\t<div class=\"elementor-widget-container\">\n\t\t\t\t\t\t\t\t\t<p>Tu sonrisa te pertenece, y deber\u00eda ser tuya para siempre. Si tu sonrisa se desalineara en cualquier momento despu\u00e9s de haber completado el tratamiento con Uclear Aligners, te ayudaremos a recuperarla sin costo adicional.<\/p>\t\t\t\t\t\t\t\t<\/div>\n\t\t\t\t<\/div>\n\t\t\t\t<div class=\"elementor-element elementor-element-bc7cedb elementor-align-left elementor-tablet-align-center service_button elementor-widget elementor-widget-button\" data-id=\"bc7cedb\" data-element_type=\"widget\" data-widget_type=\"button.default\">\n\t\t\t\t<div class=\"elementor-widget-container\">\n\t\t\t\t\t\t\t\t\t<div class=\"elementor-button-wrapper\">\n\t\t\t\t\t<a class=\"elementor-button elementor-button-link elementor-size-sm\" href=\"https:\/\/uclearsmile.com\/es\/sandbox\/contact-us\/\">\n\t\t\t\t\t\t<span class=\"elementor-button-content-wrapper\">\n\t\t\t\t\t\t\t\t\t<span class=\"elementor-button-text\">Danos tu Opini\u00f3n<\/span>\n\t\t\t\t\t<\/span>\n\t\t\t\t\t<\/a>\n\t\t\t\t<\/div>\n\t\t\t\t\t\t\t\t<\/div>\n\t\t\t\t<\/div>\n\t\t\t\t\t<\/div>\n\t\t<\/div>\n\t\t\t\t<div class=\"elementor-column elementor-col-50 elementor-inner-column elementor-element elementor-element-cfca4b8\" data-id=\"cfca4b8\" data-element_type=\"column\">\n\t\t\t<div class=\"elementor-widget-wrap elementor-element-populated\">\n\t\t\t\t\t\t<div class=\"elementor-element elementor-element-e0cd364 elementor-widget elementor-widget-heading\" data-id=\"e0cd364\" data-element_type=\"widget\" data-widget_type=\"heading.default\">\n\t\t\t\t<div class=\"elementor-widget-container\">\n\t\t\t\t\t<h2 class=\"elementor-heading-title elementor-size-default\">Rese\u00f1as Sonrientes<\/h2>\t\t\t\t<\/div>\n\t\t\t\t<\/div>\n\t\t\t\t<div class=\"elementor-element elementor-element-5383147 elementor-widget elementor-widget-text-editor\" data-id=\"5383147\" data-element_type=\"widget\" data-widget_type=\"text-editor.default\">\n\t\t\t\t<div class=\"elementor-widget-container\">\n\t\t\t\t\t\t\t\t\t<p><strong>Rese\u00f1as con Calificaci\u00f3n de 4.95<\/strong><\/p><p>Las rese\u00f1as incluyen aquellas donde a los compradores conocidos se les ofreci\u00f3 un producto gratuito a cambio de su opini\u00f3n honesta.<\/p>\t\t\t\t\t\t\t\t<\/div>\n\t\t\t\t<\/div>\n\t\t\t\t<div class=\"elementor-element elementor-element-87a6d0c elementor-widget elementor-widget-testimonial\" data-id=\"87a6d0c\" data-element_type=\"widget\" data-widget_type=\"testimonial.default\">\n\t\t\t\t<div class=\"elementor-widget-container\">\n\t\t\t\t\t\t\t\t<div class=\"testimonial3\">\n\t\t        <div class=\"container\">\n\t\t            <div class=\"row\">\n\n\t\t                <div class=\"col-lg-12\">\n\t\t                    <div class=\"testimonial_new_slider lrt_slider owl-carousel\">\n\t\t                    \t\t\t                        <div class=\"testimonial3_single\">\n\t\t                        \t<div class=\"testimonial3_quote\">\n\t\t\t\t\t\t\t\t\t\t<i class=\"icofont-quote-left\"><\/i>\n\t\t                            <\/div>\n\t\t                            <div class=\"testimonial3_quote_text\">\n\t\t\t                            <p>Excellent support when ordering. My daughter had a huge success with her BYTE that we ordered impressions for my son. He just started and it\u2019s going great. We are very pleased with the treatment plan for both and for the cost we just can\u2019t pass up. Much more reasonable than braces.<\/p>\n\t\t\t                        <\/div>\n\t\t                            <div class=\"testimonial3_title\">\n\t\t                                <div class=\"testimonial3_ti_text\">\n\t\t                                    <h3>Steven Flyers<\/h3>\n\t\t                                    <p>Client, US, <\/p>\n\t\t                                    <span class=\"testi-star\"><i class=\"fa fa-star\" aria-hidden=\"true\"><\/i><i class=\"fa fa-star\" aria-hidden=\"true\"><\/i><i class=\"fa fa-star\" aria-hidden=\"true\"><\/i><i class=\"fa fa-star\" aria-hidden=\"true\"><\/i><i class=\"fa fa-star\" aria-hidden=\"true\"><\/i><\/span>\n\t\t                                <\/div>\n\t\t                            <\/div>\n\t\t                        <\/div>\n\t\t                        \t\t                        <div class=\"testimonial3_single\">\n\t\t                        \t<div class=\"testimonial3_quote\">\n\t\t\t\t\t\t\t\t\t\t<i class=\"icofont-quote-left\"><\/i>\n\t\t                            <\/div>\n\t\t                            <div class=\"testimonial3_quote_text\">\n\t\t\t                            <p>I\u2019m very surprise of the whole process and experience. Even though you don\u2019t see a dentist in an office, everything is through texts, phone calls and mail, I never felt more understood and secure about leaving it to Byte! They know what they are doing and doing a great job!! Could not be more pleased<\/p>\n\t\t\t                        <\/div>\n\t\t                            <div class=\"testimonial3_title\">\n\t\t                                <div class=\"testimonial3_ti_text\">\n\t\t                                    <h3>Philip Bon<\/h3>\n\t\t                                    <p>\u00a0, <\/p>\n\t\t                                    <span class=\"testi-star\"><i class=\"fa fa-star\" aria-hidden=\"true\"><\/i><i class=\"fa fa-star\" aria-hidden=\"true\"><\/i><i class=\"fa fa-star\" aria-hidden=\"true\"><\/i><i class=\"fa fa-star\" aria-hidden=\"true\"><\/i><i class=\"fa fa-star\" aria-hidden=\"true\"><\/i><\/span>\n\t\t                                <\/div>\n\t\t                            <\/div>\n\t\t                        <\/div>\n\t\t                        \t\t                        <div class=\"testimonial3_single\">\n\t\t                        \t<div class=\"testimonial3_quote\">\n\t\t\t\t\t\t\t\t\t\t<i class=\"icofont-quote-left\"><\/i>\n\t\t                            <\/div>\n\t\t                            <div class=\"testimonial3_quote_text\">\n\t\t\t                            <p>Easiest and best experience so far! Briana P answered all my questions in such a timely manner. Delivery arrived sooner than expected which is always a plus!!<\/p>\n\t\t\t                        <\/div>\n\t\t                            <div class=\"testimonial3_title\">\n\t\t                                <div class=\"testimonial3_ti_text\">\n\t\t                                    <h3>James Warm<\/h3>\n\t\t                                    <p>, <\/p>\n\t\t                                    <span class=\"testi-star\"><i class=\"fa fa-star\" aria-hidden=\"true\"><\/i><i class=\"fa fa-star\" aria-hidden=\"true\"><\/i><i class=\"fa fa-star\" aria-hidden=\"true\"><\/i><i class=\"fa fa-star\" aria-hidden=\"true\"><\/i><i class=\"fa fa-star\" aria-hidden=\"true\"><\/i><\/span>\n\t\t                                <\/div>\n\t\t                            <\/div>\n\t\t                        <\/div>\n\t\t                        \t\t                    <\/div>\n\t\t                <\/div>\n\t\t            <\/div>\n\t\t        <\/div>\n\t\t    <\/div>\n\t\t\t\t\t<\/div>\n\t\t\t\t<\/div>\n\t\t\t\t\t<\/div>\n\t\t<\/div>\n\t\t\t\t\t<\/div>\n\t\t<\/section>\n\t\t\t\t\t<\/div>\n\t\t<\/div>\n\t\t\t\t\t<\/div>\n\t\t<\/section>\n\t\t\t\t<\/div>","protected":false},"excerpt":{"rendered":"<p>Valuable Feedback from our Clients You own your smile, and you should own it forever. If your smile moves out of alignment at any time after going through treatment with Uclear aligners, we\u2019ll help get it back at no additional cost. Give Us your Feedback Smiling Reviews 4.95 Rating Reviews Reviews include ones where known<\/p>","protected":false},"author":1,"featured_media":0,"parent":0,"menu_order":0,"comment_status":"closed","ping_status":"closed","template":"","meta":{"_eb_attr":"","_monsterinsights_skip_tracking":false,"_monsterinsights_sitenote_active":false,"_monsterinsights_sitenote_note":"","_monsterinsights_sitenote_category":0,"_view_id":"","footnotes":""},"class_list":["post-6309","page","type-page","status-publish","hentry"],"yoast_head":"<!-- This site is optimized with the Yoast SEO plugin v27.2 - https:\/\/yoast.com\/product\/yoast-seo-wordpress\/ -->\n<title>Testimonials - Uclear Direct Aligner<\/title>\n<meta name=\"robots\" content=\"index, follow, max-snippet:-1, max-image-preview:large, max-video-preview:-1\" \/>\n<link rel=\"canonical\" href=\"https:\/\/uclearsmile.com\/es\/feedbacks\/\" \/>\n<meta property=\"og:locale\" content=\"es_ES\" \/>\n<meta property=\"og:type\" content=\"article\" \/>\n<meta property=\"og:title\" content=\"Testimonials - Uclear Direct Aligner\" \/>\n<meta property=\"og:description\" content=\"Valuable Feedback from our Clients You own your smile, and you should own it forever. If your smile moves out of alignment at any time after going through treatment with Uclear aligners, we\u2019ll help get it back at no additional cost. Give Us your Feedback Smiling Reviews 4.95 Rating Reviews Reviews include ones where known\" \/>\n<meta property=\"og:url\" content=\"https:\/\/uclearsmile.com\/es\/feedbacks\/\" \/>\n<meta property=\"og:site_name\" content=\"Uclear Direct Aligner\" \/>\n<meta property=\"article:publisher\" content=\"https:\/\/www.facebook.com\/uclearsmile\" \/>\n<meta property=\"article:modified_time\" content=\"2024-04-12T17:18:48+00:00\" \/>\n<meta name=\"twitter:card\" content=\"summary_large_image\" \/>\n<meta name=\"twitter:label1\" content=\"Tiempo estimado de lectura\" \/>\n\t<meta name=\"twitter:data1\" content=\"1 minuto\" \/>\n<script type=\"application\/ld+json\" class=\"yoast-schema-graph\">{\"@context\":\"https:\/\/schema.org\",\"@graph\":[{\"@type\":\"WebPage\",\"@id\":\"https:\/\/uclearsmile.com\/feedbacks\/\",\"url\":\"https:\/\/uclearsmile.com\/feedbacks\/\",\"name\":\"Testimonials - Uclear Direct Aligner\",\"isPartOf\":{\"@id\":\"https:\/\/uclearsmile.com\/#website\"},\"datePublished\":\"2023-07-01T06:56:21+00:00\",\"dateModified\":\"2024-04-12T17:18:48+00:00\",\"breadcrumb\":{\"@id\":\"https:\/\/uclearsmile.com\/feedbacks\/#breadcrumb\"},\"inLanguage\":\"es\",\"potentialAction\":[{\"@type\":\"ReadAction\",\"target\":[\"https:\/\/uclearsmile.com\/feedbacks\/\"]}]},{\"@type\":\"BreadcrumbList\",\"@id\":\"https:\/\/uclearsmile.com\/feedbacks\/#breadcrumb\",\"itemListElement\":[{\"@type\":\"ListItem\",\"position\":1,\"name\":\"Home\",\"item\":\"https:\/\/uclearsmile.com\/\"},{\"@type\":\"ListItem\",\"position\":2,\"name\":\"Testimonials\"}]},{\"@type\":\"WebSite\",\"@id\":\"https:\/\/uclearsmile.com\/#website\",\"url\":\"https:\/\/uclearsmile.com\/\",\"name\":\"UClear\",\"description\":\"The Perfect SMILE\",\"publisher\":{\"@id\":\"https:\/\/uclearsmile.com\/#organization\"},\"potentialAction\":[{\"@type\":\"SearchAction\",\"target\":{\"@type\":\"EntryPoint\",\"urlTemplate\":\"https:\/\/uclearsmile.com\/?s={search_term_string}\"},\"query-input\":{\"@type\":\"PropertyValueSpecification\",\"valueRequired\":true,\"valueName\":\"search_term_string\"}}],\"inLanguage\":\"es\"},{\"@type\":\"Organization\",\"@id\":\"https:\/\/uclearsmile.com\/#organization\",\"name\":\"Uclear\",\"url\":\"https:\/\/uclearsmile.com\/\",\"logo\":{\"@type\":\"ImageObject\",\"inLanguage\":\"es\",\"@id\":\"https:\/\/uclearsmile.com\/#\/schema\/logo\/image\/\",\"url\":\"https:\/\/uclearsmile.com\/sandbox\/wp-content\/uploads\/2023\/07\/uclea-color-logo.png\",\"contentUrl\":\"https:\/\/uclearsmile.com\/sandbox\/wp-content\/uploads\/2023\/07\/uclea-color-logo.png\",\"width\":250,\"height\":60,\"caption\":\"Uclear\"},\"image\":{\"@id\":\"https:\/\/uclearsmile.com\/#\/schema\/logo\/image\/\"},\"sameAs\":[\"https:\/\/www.facebook.com\/uclearsmile\",\"https:\/\/www.instagram.com\/uclearsmile\/\"]}]}<\/script>\n<!-- \/ Yoast SEO plugin. -->","yoast_head_json":{"title":"Testimonials - Uclear Direct Aligner","robots":{"index":"index","follow":"follow","max-snippet":"max-snippet:-1","max-image-preview":"max-image-preview:large","max-video-preview":"max-video-preview:-1"},"canonical":"https:\/\/uclearsmile.com\/es\/feedbacks\/","og_locale":"es_ES","og_type":"article","og_title":"Testimonials - Uclear Direct Aligner","og_description":"Valuable Feedback from our Clients You own your smile, and you should own it forever. If your smile moves out of alignment at any time after going through treatment with Uclear aligners, we\u2019ll help get it back at no additional cost. Give Us your Feedback Smiling Reviews 4.95 Rating Reviews Reviews include ones where known","og_url":"https:\/\/uclearsmile.com\/es\/feedbacks\/","og_site_name":"Uclear Direct Aligner","article_publisher":"https:\/\/www.facebook.com\/uclearsmile","article_modified_time":"2024-04-12T17:18:48+00:00","twitter_card":"summary_large_image","twitter_misc":{"Tiempo estimado de lectura":"1 minuto"},"schema":{"@context":"https:\/\/schema.org","@graph":[{"@type":"WebPage","@id":"https:\/\/uclearsmile.com\/feedbacks\/","url":"https:\/\/uclearsmile.com\/feedbacks\/","name":"Testimonials - Uclear Direct Aligner","isPartOf":{"@id":"https:\/\/uclearsmile.com\/#website"},"datePublished":"2023-07-01T06:56:21+00:00","dateModified":"2024-04-12T17:18:48+00:00","breadcrumb":{"@id":"https:\/\/uclearsmile.com\/feedbacks\/#breadcrumb"},"inLanguage":"es","potentialAction":[{"@type":"ReadAction","target":["https:\/\/uclearsmile.com\/feedbacks\/"]}]},{"@type":"BreadcrumbList","@id":"https:\/\/uclearsmile.com\/feedbacks\/#breadcrumb","itemListElement":[{"@type":"ListItem","position":1,"name":"Home","item":"https:\/\/uclearsmile.com\/"},{"@type":"ListItem","position":2,"name":"Testimonials"}]},{"@type":"WebSite","@id":"https:\/\/uclearsmile.com\/#website","url":"https:\/\/uclearsmile.com\/","name":"UClear","description":"The Perfect SMILE","publisher":{"@id":"https:\/\/uclearsmile.com\/#organization"},"potentialAction":[{"@type":"SearchAction","target":{"@type":"EntryPoint","urlTemplate":"https:\/\/uclearsmile.com\/?s={search_term_string}"},"query-input":{"@type":"PropertyValueSpecification","valueRequired":true,"valueName":"search_term_string"}}],"inLanguage":"es"},{"@type":"Organization","@id":"https:\/\/uclearsmile.com\/#organization","name":"Uclear","url":"https:\/\/uclearsmile.com\/","logo":{"@type":"ImageObject","inLanguage":"es","@id":"https:\/\/uclearsmile.com\/#\/schema\/logo\/image\/","url":"https:\/\/uclearsmile.com\/sandbox\/wp-content\/uploads\/2023\/07\/uclea-color-logo.png","contentUrl":"https:\/\/uclearsmile.com\/sandbox\/wp-content\/uploads\/2023\/07\/uclea-color-logo.png","width":250,"height":60,"caption":"Uclear"},"image":{"@id":"https:\/\/uclearsmile.com\/#\/schema\/logo\/image\/"},"sameAs":["https:\/\/www.facebook.com\/uclearsmile","https:\/\/www.instagram.com\/uclearsmile\/"]}]}},"_links":{"self":[{"href":"https:\/\/uclearsmile.com\/es\/wp-json\/wp\/v2\/pages\/6309","targetHints":{"allow":["GET"]}}],"collection":[{"href":"https:\/\/uclearsmile.com\/es\/wp-json\/wp\/v2\/pages"}],"about":[{"href":"https:\/\/uclearsmile.com\/es\/wp-json\/wp\/v2\/types\/page"}],"author":[{"embeddable":true,"href":"https:\/\/uclearsmile.com\/es\/wp-json\/wp\/v2\/users\/1"}],"replies":[{"embeddable":true,"href":"https:\/\/uclearsmile.com\/es\/wp-json\/wp\/v2\/comments?post=6309"}],"version-history":[{"count":52,"href":"https:\/\/uclearsmile.com\/es\/wp-json\/wp\/v2\/pages\/6309\/revisions"}],"predecessor-version":[{"id":7355,"href":"https:\/\/uclearsmile.com\/es\/wp-json\/wp\/v2\/pages\/6309\/revisions\/7355"}],"wp:attachment":[{"href":"https:\/\/uclearsmile.com\/es\/wp-json\/wp\/v2\/media?parent=6309"}],"curies":[{"name":"wp","href":"https:\/\/api.w.org\/{rel}","templated":true}]}}